{"id":8901,"date":"2025-03-11T12:08:07","date_gmt":"2025-03-11T11:08:07","guid":{"rendered":"https:\/\/srt-rail.com\/?page_id=8901"},"modified":"2026-02-17T10:48:51","modified_gmt":"2026-02-17T09:48:51","slug":"corporate-documents","status":"publish","type":"page","link":"https:\/\/srt-rail.com\/es\/perfil-de-la-empresa-2\/corporate-documents\/","title":{"rendered":"Documentos corporativos"},"content":{"rendered":"<p><div class=\"fusion-fullwidth fullwidth-box fusion-builder-row-1 fusion-flex-container has-pattern-background has-mask-background fusion-parallax-none nonhundred-percent-fullwidth non-hundred-percent-height-scrolling\" style=\"--awb-background-blend-mode:multiply;--awb-border-radius-top-left:0px;--awb-border-radius-top-right:0px;--awb-border-radius-bottom-right:0px;--awb-border-radius-bottom-left:0px;--awb-min-height:50vh;--awb-background-color:rgba(0,46,83,0.42);--awb-background-image:url(&quot;https:\/\/srt-rail.com\/wp-content\/uploads\/2018\/10\/SRT-Innotrans-2018-1.jpg&quot;);--awb-background-size:cover;--awb-flex-wrap:wrap;\" ><div class=\"fusion-builder-row fusion-row fusion-flex-align-items-flex-start fusion-flex-content-wrap\" style=\"max-width:1331.2px;margin-left: calc(-4% \/ 2 );margin-right: calc(-4% \/ 2 );\"><div class=\"fusion-layout-column fusion_builder_column fusion-builder-column-0 fusion_builder_column_1_1 1_1 fusion-flex-column fusion-flex-align-self-center\" style=\"--awb-bg-size:cover;--awb-width-large:100%;--awb-margin-top-large:0px;--awb-spacing-right-large:1.92%;--awb-margin-bottom-large:0px;--awb-spacing-left-large:1.92%;--awb-width-medium:100%;--awb-order-medium:0;--awb-spacing-right-medium:1.92%;--awb-spacing-left-medium:1.92%;--awb-width-small:100%;--awb-order-small:0;--awb-spacing-right-small:1.92%;--awb-spacing-left-small:1.92%;\" data-scroll-devices=\"small-visibility,medium-visibility,large-visibility\"><div class=\"fusion-column-wrapper fusion-column-has-shadow fusion-flex-justify-content-flex-start fusion-content-layout-column\"><div class=\"fusion-text fusion-text-1\" style=\"--awb-text-color:var(--awb-color1);\"><span class=\"bread\"><span property=\"itemListElement\" typeof=\"ListItem\"><a property=\"item\" typeof=\"WebPage\" title=\"Vai a SRT.\" href=\"https:\/\/srt-rail.com\/es\/\" class=\"home\" aria-current=\"page\"><span property=\"name\">SRT<\/span><\/a><meta property=\"position\" content=\"1\"><\/span><\/span>\n<\/div><div class=\"fusion-title title fusion-title-1 fusion-sep-none fusion-title-text fusion-title-size-one fusion-animated\" style=\"--awb-text-color:var(--awb-color1);--awb-margin-bottom:0px;--awb-margin-top-small:0px;--awb-margin-right-small:0px;--awb-margin-bottom-small:20px;--awb-margin-left-small:0px;--awb-font-size:80px;\" data-animationType=\"fadeInLeft\" data-animationDuration=\"0.3\" data-animationOffset=\"top-into-view\"><h1 class=\"fusion-title-heading title-heading-left\" style=\"font-family:var(--awb-typography1-font-family);font-weight:var(--awb-typography1-font-weight);font-style:var(--awb-typography1-font-style);margin:0;letter-spacing:var(--awb-typography1-letter-spacing);text-transform:var(--awb-typography1-text-transform);font-size:1em;line-height:var(--awb-typography1-line-height);\">DOCUMENTOS CORPORATIVOS<\/h1><\/div><\/div><\/div><\/div><\/div><div class=\"fusion-fullwidth fullwidth-box fusion-builder-row-2 fusion-flex-container nonhundred-percent-fullwidth non-hundred-percent-height-scrolling\" style=\"--awb-border-radius-top-left:0px;--awb-border-radius-top-right:0px;--awb-border-radius-bottom-right:0px;--awb-border-radius-bottom-left:0px;--awb-padding-top:50px;--awb-padding-bottom:20px;--awb-flex-wrap:wrap;\" ><div class=\"fusion-builder-row fusion-row fusion-flex-align-items-flex-start fusion-flex-content-wrap\" style=\"max-width:1331.2px;margin-left: calc(-4% \/ 2 );margin-right: calc(-4% \/ 2 );\"><div class=\"fusion-layout-column fusion_builder_column fusion-builder-column-1 fusion_builder_column_1_1 1_1 fusion-flex-column\" style=\"--awb-bg-blend:overlay;--awb-bg-size:cover;--awb-width-large:100%;--awb-margin-top-large:0px;--awb-spacing-right-large:1.92%;--awb-margin-bottom-large:0px;--awb-spacing-left-large:1.92%;--awb-width-medium:100%;--awb-spacing-right-medium:1.92%;--awb-spacing-left-medium:1.92%;--awb-width-small:100%;--awb-spacing-right-small:1.92%;--awb-spacing-left-small:1.92%;\"><div class=\"fusion-column-wrapper fusion-flex-justify-content-flex-start fusion-content-layout-column\"><div class=\"fusion-title title fusion-title-2 fusion-sep-none fusion-title-text fusion-title-size-two\" style=\"--awb-margin-top-small:0px;--awb-margin-right-small:0px;--awb-margin-bottom-small:20px;--awb-margin-left-small:0px;\"><h2 class=\"fusion-title-heading title-heading-left\" style=\"margin:0;\"><strong>Nuestra \u00e9tica de trabajo y nuestro compromiso con la transparencia<\/strong><\/h2><\/div><div class=\"fusion-text fusion-text-2\"><p>Bienvenido al \u00e1rea dedicada a la <strong>transparencia<\/strong> y respeto de los reglamentos de SRT S.r.l.. Esta secci\u00f3n contiene documentos que reflejan nuestro compromiso de operar con \u00e9tica, <strong>responsabilidad social<\/strong> y una fuerte orientaci\u00f3n hacia la <strong>prevenci\u00f3n de la corrupci\u00f3n<\/strong>.<\/p>\n<p>Nuestras directrices promueven un desarrollo respetuoso con los derechos humanos, el medioambiente y comprometido con la lucha contra la corrupci\u00f3n, integrando los principios de calidad, seguridad y responsabilidad social en toda la organizaci\u00f3n.<\/p>\n<p>Descubra m\u00e1s sobre nuestro compromiso consultando los documentos disponibles aqu\u00ed.<\/p>\n<\/div><\/div><\/div><\/div><\/div><div class=\"fusion-fullwidth fullwidth-box fusion-builder-row-3 fusion-flex-container has-pattern-background has-mask-background nonhundred-percent-fullwidth non-hundred-percent-height-scrolling\" style=\"--awb-border-radius-top-left:0px;--awb-border-radius-top-right:0px;--awb-border-radius-bottom-right:0px;--awb-border-radius-bottom-left:0px;--awb-padding-top:50px;--awb-flex-wrap:wrap;\" ><div class=\"fusion-builder-row fusion-row fusion-flex-align-items-flex-start fusion-flex-content-wrap\" style=\"max-width:1331.2px;margin-left: calc(-4% \/ 2 );margin-right: calc(-4% \/ 2 );\"><div class=\"fusion-layout-column fusion_builder_column fusion-builder-column-2 fusion_builder_column_1_1 1_1 fusion-flex-column\" style=\"--awb-bg-size:cover;--awb-width-large:100%;--awb-margin-top-large:0px;--awb-spacing-right-large:1.92%;--awb-margin-bottom-large:0px;--awb-spacing-left-large:1.92%;--awb-width-medium:100%;--awb-order-medium:0;--awb-spacing-right-medium:1.92%;--awb-spacing-left-medium:1.92%;--awb-width-small:100%;--awb-order-small:0;--awb-spacing-right-small:1.92%;--awb-spacing-left-small:1.92%;\"><div class=\"fusion-column-wrapper fusion-column-has-shadow fusion-flex-justify-content-flex-start fusion-content-layout-column\"><div class=\"fusion-content-boxes content-boxes columns row fusion-columns-2 fusion-columns-total-4 fusion-content-boxes-1 content-boxes-icon-on-side content-left has-flex-alignment\" style=\"--awb-backgroundcolor:var(--awb-color2);--awb-alignment:stretch;--awb-body-color:var(--awb-color8);--awb-title-color:var(--awb-custom_color_10);--awb-iconcolor:var(--awb-color1);--awb-hover-accent-color:var(--awb-custom_color_1);--awb-circle-hover-accent-color:var(--awb-custom_color_1);\" data-animationOffset=\"top-into-view\"><div style=\"--awb-backgroundcolor:var(--awb-color2);--awb-iconcolor:var(--awb-color1);--awb-content-padding-left:92px;\" class=\"fusion-column content-box-column content-box-column content-box-column-1 col-lg-6 col-md-6 col-sm-6 fusion-content-box-hover content-box-column-first-in-row\"><div class=\"col content-box-wrapper content-wrapper-background link-area-link-icon link-type-button icon-hover-animation-fade fusion-animated\" data-animationType=\"fadeInLeft\" data-animationDuration=\"0.3\" data-animationOffset=\"top-into-view\"><div class=\"heading heading-with-icon icon-left\"><a class=\"heading-link\" href=\"https:\/\/srt-rail.com\/wp-content\/uploads\/2025\/09\/SRT_MOD-231-Parte-generale.pdf\" target=\"_blank\" rel=\"noopener noreferrer\"><div class=\"icon\"><i style=\"border-color:#333333;border-width:1px;background-color:var(--awb-custom_color_1);box-sizing:content-box;height:70px;width:70px;line-height:70px;border-radius:50%;font-size:35px;\" aria-hidden=\"true\" class=\"fontawesome-icon fa-file-alt fas circle-yes\"><\/i><\/div><h3 class=\"content-box-heading\" style=\"--h3_typography-font-size:23px;line-height:28px;padding-left:92px;\">Modelo 231<\/h3><\/a><\/div><div class=\"fusion-clearfix\"><\/div><div class=\"content-container\">\n<p>El Modelo de Organizaci\u00f3n, Gesti\u00f3n y Control seg\u00fan el Decreto Legislativo 231\/2001 de SRT incluye una Parte General y Partes Especiales, estas \u00faltimas solo para uso interno.<\/p>\n<\/div><div class=\"fusion-clearfix\"><\/div><a class=\"fusion-read-more-button fusion-content-box-button fusion-button button-default fusion-button-default-size button- button-flat\" style=\"margin-left:92px;\" href=\"https:\/\/srt-rail.com\/wp-content\/uploads\/2025\/09\/SRT_MOD-231-Parte-generale.pdf\" target=\"_blank\" rel=\"noopener noreferrer\"><span class=\"fusion-button-text\">DESCARGAR<\/span><\/a><div class=\"fusion-clearfix\"><\/div><\/div><\/div><div style=\"--awb-backgroundcolor:var(--awb-color2);--awb-iconcolor:var(--awb-color1);--awb-content-padding-left:92px;\" class=\"fusion-column content-box-column content-box-column content-box-column-2 col-lg-6 col-md-6 col-sm-6 fusion-content-box-hover content-box-column-last-in-row\"><div class=\"col content-box-wrapper content-wrapper-background link-area-link-icon link-type-button icon-hover-animation-fade fusion-animated\" data-animationType=\"fadeInLeft\" data-animationDuration=\"0.3\" data-animationOffset=\"top-into-view\"><div class=\"heading heading-with-icon icon-left\"><a class=\"heading-link\" href=\"https:\/\/srt-rail.com\/wp-content\/uploads\/2024\/08\/20230316-SG-COR-R2.0-VT-301-Politica-Integrata-Unica-EN-1.pdf\" target=\"_blank\" rel=\"noopener noreferrer\"><div class=\"icon\"><i style=\"border-color:#333333;border-width:1px;background-color:var(--awb-custom_color_1);box-sizing:content-box;height:70px;width:70px;line-height:70px;border-radius:50%;font-size:35px;\" aria-hidden=\"true\" class=\"fontawesome-icon fa-file-alt fas circle-yes\"><\/i><\/div><h3 class=\"content-box-heading\" style=\"--h3_typography-font-size:23px;line-height:28px;padding-left:92px;\">Pol\u00edtica integrada<\/h3><\/a><\/div><div class=\"fusion-clearfix\"><\/div><div class=\"content-container\">\n<p>La pol\u00edtica integrada refleja el compromiso de SRT de mantener altos est\u00e1ndares de calidad en todas las operaciones, promoviendo la protecci\u00f3n del medioambiente, la salud y la seguridad de los trabajadores, la gesti\u00f3n eficiente de la energ\u00eda y la prevenci\u00f3n de la corrupci\u00f3n.<\/p>\n<\/div><div class=\"fusion-clearfix\"><\/div><a class=\"fusion-read-more-button fusion-content-box-button fusion-button button-default fusion-button-default-size button- button-flat\" style=\"margin-left:92px;\" href=\"https:\/\/srt-rail.com\/wp-content\/uploads\/2024\/08\/20230316-SG-COR-R2.0-VT-301-Politica-Integrata-Unica-EN-1.pdf\" target=\"_blank\" rel=\"noopener noreferrer\"><span class=\"fusion-button-text\">DESCARGAR<\/span><\/a><div class=\"fusion-clearfix\"><\/div><\/div><\/div><div style=\"--awb-backgroundcolor:var(--awb-color2);--awb-iconcolor:var(--awb-color1);--awb-content-padding-left:92px;\" class=\"fusion-column content-box-column content-box-column content-box-column-3 col-lg-6 col-md-6 col-sm-6 fusion-content-box-hover content-box-column-first-in-row\"><div class=\"col content-box-wrapper content-wrapper-background link-area-link-icon link-type-button icon-hover-animation-fade fusion-animated\" data-animationType=\"fadeInLeft\" data-animationDuration=\"0.3\" data-animationOffset=\"top-into-view\"><div class=\"heading heading-with-icon icon-left\"><a class=\"heading-link\" href=\"https:\/\/srt-rail.com\/wp-content\/uploads\/2024\/08\/20230316-SG-COR-R0.6-VT-332-Policy-Diritti-Umani-EN-1.pdf\" target=\"_blank\" rel=\"noopener noreferrer\"><div class=\"icon\"><i style=\"border-color:#333333;border-width:1px;background-color:var(--awb-custom_color_1);box-sizing:content-box;height:70px;width:70px;line-height:70px;border-radius:50%;font-size:35px;\" aria-hidden=\"true\" class=\"fontawesome-icon fa-file-alt fas circle-yes\"><\/i><\/div><h3 class=\"content-box-heading\" style=\"--h3_typography-font-size:23px;line-height:28px;padding-left:92px;\">Pol\u00edtica de Derechos Humanos<\/h3><\/a><\/div><div class=\"fusion-clearfix\"><\/div><div class=\"content-container\">\n<p>SRT est\u00e1 profundamente comprometida con la promoci\u00f3n y protecci\u00f3n de los derechos humanos, tanto dentro de la empresa como en las interacciones con terceros.<\/p>\n<\/div><div class=\"fusion-clearfix\"><\/div><a class=\"fusion-read-more-button fusion-content-box-button fusion-button button-default fusion-button-default-size button- button-flat\" style=\"margin-left:92px;\" href=\"https:\/\/srt-rail.com\/wp-content\/uploads\/2024\/08\/20230316-SG-COR-R0.6-VT-332-Policy-Diritti-Umani-EN-1.pdf\" target=\"_blank\" rel=\"noopener noreferrer\"><span class=\"fusion-button-text\">DESCARGAR<\/span><\/a><div class=\"fusion-clearfix\"><\/div><\/div><\/div><div style=\"--awb-backgroundcolor:var(--awb-color2);--awb-iconcolor:var(--awb-color1);--awb-content-padding-left:92px;\" class=\"fusion-column content-box-column content-box-column content-box-column-4 col-lg-6 col-md-6 col-sm-6 fusion-content-box-hover content-box-column-last content-box-column-last-in-row\"><div class=\"col content-box-wrapper content-wrapper-background link-area-link-icon link-type-button icon-hover-animation-fade fusion-animated\" data-animationType=\"fadeInLeft\" data-animationDuration=\"0.3\" data-animationOffset=\"top-into-view\"><div class=\"heading heading-with-icon icon-left\"><a class=\"heading-link\" href=\"https:\/\/srt-rail.com\/wp-content\/uploads\/2024\/08\/20230316-SG-COR-R0.6-VT-333-Policy-DEI-EN-1.pdf\" target=\"_blank\" rel=\"noopener noreferrer\"><div class=\"icon\"><i style=\"border-color:#333333;border-width:1px;background-color:var(--awb-custom_color_1);box-sizing:content-box;height:70px;width:70px;line-height:70px;border-radius:50%;font-size:35px;\" aria-hidden=\"true\" class=\"fontawesome-icon fa-file-alt fas circle-yes\"><\/i><\/div><h3 class=\"content-box-heading\" style=\"--h3_typography-font-size:23px;line-height:28px;padding-left:92px;\">Pol\u00edtica de diversidad, equidad e inclusi\u00f3n<\/h3><\/a><\/div><div class=\"fusion-clearfix\"><\/div><div class=\"content-container\">\n<p>SRT se dedica a crear un ambiente de trabajo que respete y valore la diversidad y promueva la equidad en todas sus formas.<\/p>\n<\/div><div class=\"fusion-clearfix\"><\/div><a class=\"fusion-read-more-button fusion-content-box-button fusion-button button-default fusion-button-default-size button- button-flat\" style=\"margin-left:92px;\" href=\"https:\/\/srt-rail.com\/wp-content\/uploads\/2024\/08\/20230316-SG-COR-R0.6-VT-333-Policy-DEI-EN-1.pdf\" target=\"_blank\" rel=\"noopener noreferrer\"><span class=\"fusion-button-text\">DESCARGAR<\/span><\/a><div class=\"fusion-clearfix\"><\/div><\/div><\/div><div class=\"fusion-clearfix\"><\/div><\/div><\/div><\/div><\/div><\/div><\/p>\n","protected":false},"excerpt":{"rendered":"","protected":false},"author":5,"featured_media":8902,"parent":8277,"menu_order":0,"comment_status":"closed","ping_status":"closed","template":"100-width.php","meta":{"footnotes":""},"class_list":["post-8901","page","type-page","status-publish","has-post-thumbnail","hentry"],"yoast_head":"<!-- This site is optimized with the Yoast SEO plugin v27.4 - https:\/\/yoast.com\/product\/yoast-seo-wordpress\/ -->\n<title>Documentos corporativos de SRT: compromiso con la \u00e9tica y la transparencia<\/title>\n<meta name=\"description\" content=\"Consulte los documentos corporativos de SRT para conocer c\u00f3mo valoramos la \u00e9tica laboral, la transparencia y la responsabilidad social a trav\u00e9s de nuestras pol\u00edticas.\" \/>\n<meta name=\"robots\" content=\"index, follow, max-snippet:-1, max-image-preview:large, max-video-preview:-1\" \/>\n<link rel=\"canonical\" href=\"https:\/\/srt-rail.com\/es\/perfil-de-la-empresa-2\/corporate-documents\/\" \/>\n<meta property=\"og:locale\" content=\"es_ES\" \/>\n<meta property=\"og:type\" content=\"article\" \/>\n<meta property=\"og:title\" content=\"Documentos corporativos de SRT: compromiso con la \u00e9tica y la transparencia\" \/>\n<meta property=\"og:description\" content=\"Consulte los documentos corporativos de SRT para conocer c\u00f3mo valoramos la \u00e9tica laboral, la transparencia y la responsabilidad social a trav\u00e9s de nuestras pol\u00edticas.\" \/>\n<meta property=\"og:url\" content=\"https:\/\/srt-rail.com\/es\/perfil-de-la-empresa-2\/corporate-documents\/\" \/>\n<meta property=\"og:site_name\" content=\"SRT\" \/>\n<meta property=\"article:modified_time\" content=\"2026-02-17T09:48:51+00:00\" \/>\n<meta property=\"og:image\" content=\"https:\/\/srt-rail.com\/wp-content\/uploads\/2018\/10\/SRT-Innotrans-2018-1.jpg\" \/>\n\t<meta property=\"og:image:width\" content=\"2000\" \/>\n\t<meta property=\"og:image:height\" content=\"986\" \/>\n\t<meta property=\"og:image:type\" content=\"image\/jpeg\" \/>\n<meta name=\"twitter:card\" content=\"summary_large_image\" \/>\n<meta name=\"twitter:label1\" content=\"Tiempo de lectura\" \/>\n\t<meta name=\"twitter:data1\" content=\"2 minutos\" \/>\n<script type=\"application\/ld+json\" class=\"yoast-schema-graph\">{\"@context\":\"https:\\\/\\\/schema.org\",\"@graph\":[{\"@type\":\"WebPage\",\"@id\":\"https:\\\/\\\/srt-rail.com\\\/es\\\/perfil-de-la-empresa-2\\\/corporate-documents\\\/\",\"url\":\"https:\\\/\\\/srt-rail.com\\\/es\\\/perfil-de-la-empresa-2\\\/corporate-documents\\\/\",\"name\":\"Documentos corporativos de SRT: compromiso con la \u00e9tica y la transparencia\",\"isPartOf\":{\"@id\":\"https:\\\/\\\/srt-rail.com\\\/#website\"},\"primaryImageOfPage\":{\"@id\":\"https:\\\/\\\/srt-rail.com\\\/es\\\/perfil-de-la-empresa-2\\\/corporate-documents\\\/#primaryimage\"},\"image\":{\"@id\":\"https:\\\/\\\/srt-rail.com\\\/es\\\/perfil-de-la-empresa-2\\\/corporate-documents\\\/#primaryimage\"},\"thumbnailUrl\":\"https:\\\/\\\/srt-rail.com\\\/wp-content\\\/uploads\\\/2018\\\/10\\\/SRT-Innotrans-2018-1.jpg\",\"datePublished\":\"2025-03-11T11:08:07+00:00\",\"dateModified\":\"2026-02-17T09:48:51+00:00\",\"description\":\"Consulte los documentos corporativos de SRT para conocer c\u00f3mo valoramos la \u00e9tica laboral, la transparencia y la responsabilidad social a trav\u00e9s de nuestras pol\u00edticas.\",\"breadcrumb\":{\"@id\":\"https:\\\/\\\/srt-rail.com\\\/es\\\/perfil-de-la-empresa-2\\\/corporate-documents\\\/#breadcrumb\"},\"inLanguage\":\"es\",\"potentialAction\":[{\"@type\":\"ReadAction\",\"target\":[\"https:\\\/\\\/srt-rail.com\\\/es\\\/perfil-de-la-empresa-2\\\/corporate-documents\\\/\"]}]},{\"@type\":\"ImageObject\",\"inLanguage\":\"es\",\"@id\":\"https:\\\/\\\/srt-rail.com\\\/es\\\/perfil-de-la-empresa-2\\\/corporate-documents\\\/#primaryimage\",\"url\":\"https:\\\/\\\/srt-rail.com\\\/wp-content\\\/uploads\\\/2018\\\/10\\\/SRT-Innotrans-2018-1.jpg\",\"contentUrl\":\"https:\\\/\\\/srt-rail.com\\\/wp-content\\\/uploads\\\/2018\\\/10\\\/SRT-Innotrans-2018-1.jpg\",\"width\":2000,\"height\":986},{\"@type\":\"BreadcrumbList\",\"@id\":\"https:\\\/\\\/srt-rail.com\\\/es\\\/perfil-de-la-empresa-2\\\/corporate-documents\\\/#breadcrumb\",\"itemListElement\":[{\"@type\":\"ListItem\",\"position\":1,\"name\":\"Home\",\"item\":\"https:\\\/\\\/srt-rail.com\\\/es\\\/\"},{\"@type\":\"ListItem\",\"position\":2,\"name\":\"Perfil de la empresa\",\"item\":\"https:\\\/\\\/srt-rail.com\\\/es\\\/perfil-de-la-empresa-2\\\/\"},{\"@type\":\"ListItem\",\"position\":3,\"name\":\"Documentos corporativos\"}]},{\"@type\":\"WebSite\",\"@id\":\"https:\\\/\\\/srt-rail.com\\\/#website\",\"url\":\"https:\\\/\\\/srt-rail.com\\\/\",\"name\":\"SRT\",\"description\":\"\",\"publisher\":{\"@id\":\"https:\\\/\\\/srt-rail.com\\\/#organization\"},\"potentialAction\":[{\"@type\":\"SearchAction\",\"target\":{\"@type\":\"EntryPoint\",\"urlTemplate\":\"https:\\\/\\\/srt-rail.com\\\/?s={search_term_string}\"},\"query-input\":{\"@type\":\"PropertyValueSpecification\",\"valueRequired\":true,\"valueName\":\"search_term_string\"}}],\"inLanguage\":\"es\"},{\"@type\":\"Organization\",\"@id\":\"https:\\\/\\\/srt-rail.com\\\/#organization\",\"name\":\"SRT S.r.l.\",\"url\":\"https:\\\/\\\/srt-rail.com\\\/\",\"logo\":{\"@type\":\"ImageObject\",\"inLanguage\":\"es\",\"@id\":\"https:\\\/\\\/srt-rail.com\\\/#\\\/schema\\\/logo\\\/image\\\/\",\"url\":\"https:\\\/\\\/srt-rail.com\\\/wp-content\\\/uploads\\\/2017\\\/04\\\/SRT-pay-off-black.png\",\"contentUrl\":\"https:\\\/\\\/srt-rail.com\\\/wp-content\\\/uploads\\\/2017\\\/04\\\/SRT-pay-off-black.png\",\"width\":251,\"height\":25,\"caption\":\"SRT S.r.l.\"},\"image\":{\"@id\":\"https:\\\/\\\/srt-rail.com\\\/#\\\/schema\\\/logo\\\/image\\\/\"}}]}<\/script>\n<!-- \/ Yoast SEO plugin. -->","yoast_head_json":{"title":"Documentos corporativos de SRT: compromiso con la \u00e9tica y la transparencia","description":"Consulte los documentos corporativos de SRT para conocer c\u00f3mo valoramos la \u00e9tica laboral, la transparencia y la responsabilidad social a trav\u00e9s de nuestras pol\u00edticas.","robots":{"index":"index","follow":"follow","max-snippet":"max-snippet:-1","max-image-preview":"max-image-preview:large","max-video-preview":"max-video-preview:-1"},"canonical":"https:\/\/srt-rail.com\/es\/perfil-de-la-empresa-2\/corporate-documents\/","og_locale":"es_ES","og_type":"article","og_title":"Documentos corporativos de SRT: compromiso con la \u00e9tica y la transparencia","og_description":"Consulte los documentos corporativos de SRT para conocer c\u00f3mo valoramos la \u00e9tica laboral, la transparencia y la responsabilidad social a trav\u00e9s de nuestras pol\u00edticas.","og_url":"https:\/\/srt-rail.com\/es\/perfil-de-la-empresa-2\/corporate-documents\/","og_site_name":"SRT","article_modified_time":"2026-02-17T09:48:51+00:00","og_image":[{"width":2000,"height":986,"url":"https:\/\/srt-rail.com\/wp-content\/uploads\/2018\/10\/SRT-Innotrans-2018-1.jpg","type":"image\/jpeg"}],"twitter_card":"summary_large_image","twitter_misc":{"Tiempo de lectura":"2 minutos"},"schema":{"@context":"https:\/\/schema.org","@graph":[{"@type":"WebPage","@id":"https:\/\/srt-rail.com\/es\/perfil-de-la-empresa-2\/corporate-documents\/","url":"https:\/\/srt-rail.com\/es\/perfil-de-la-empresa-2\/corporate-documents\/","name":"Documentos corporativos de SRT: compromiso con la \u00e9tica y la transparencia","isPartOf":{"@id":"https:\/\/srt-rail.com\/#website"},"primaryImageOfPage":{"@id":"https:\/\/srt-rail.com\/es\/perfil-de-la-empresa-2\/corporate-documents\/#primaryimage"},"image":{"@id":"https:\/\/srt-rail.com\/es\/perfil-de-la-empresa-2\/corporate-documents\/#primaryimage"},"thumbnailUrl":"https:\/\/srt-rail.com\/wp-content\/uploads\/2018\/10\/SRT-Innotrans-2018-1.jpg","datePublished":"2025-03-11T11:08:07+00:00","dateModified":"2026-02-17T09:48:51+00:00","description":"Consulte los documentos corporativos de SRT para conocer c\u00f3mo valoramos la \u00e9tica laboral, la transparencia y la responsabilidad social a trav\u00e9s de nuestras pol\u00edticas.","breadcrumb":{"@id":"https:\/\/srt-rail.com\/es\/perfil-de-la-empresa-2\/corporate-documents\/#breadcrumb"},"inLanguage":"es","potentialAction":[{"@type":"ReadAction","target":["https:\/\/srt-rail.com\/es\/perfil-de-la-empresa-2\/corporate-documents\/"]}]},{"@type":"ImageObject","inLanguage":"es","@id":"https:\/\/srt-rail.com\/es\/perfil-de-la-empresa-2\/corporate-documents\/#primaryimage","url":"https:\/\/srt-rail.com\/wp-content\/uploads\/2018\/10\/SRT-Innotrans-2018-1.jpg","contentUrl":"https:\/\/srt-rail.com\/wp-content\/uploads\/2018\/10\/SRT-Innotrans-2018-1.jpg","width":2000,"height":986},{"@type":"BreadcrumbList","@id":"https:\/\/srt-rail.com\/es\/perfil-de-la-empresa-2\/corporate-documents\/#breadcrumb","itemListElement":[{"@type":"ListItem","position":1,"name":"Home","item":"https:\/\/srt-rail.com\/es\/"},{"@type":"ListItem","position":2,"name":"Perfil de la empresa","item":"https:\/\/srt-rail.com\/es\/perfil-de-la-empresa-2\/"},{"@type":"ListItem","position":3,"name":"Documentos corporativos"}]},{"@type":"WebSite","@id":"https:\/\/srt-rail.com\/#website","url":"https:\/\/srt-rail.com\/","name":"SRT","description":"","publisher":{"@id":"https:\/\/srt-rail.com\/#organization"},"potentialAction":[{"@type":"SearchAction","target":{"@type":"EntryPoint","urlTemplate":"https:\/\/srt-rail.com\/?s={search_term_string}"},"query-input":{"@type":"PropertyValueSpecification","valueRequired":true,"valueName":"search_term_string"}}],"inLanguage":"es"},{"@type":"Organization","@id":"https:\/\/srt-rail.com\/#organization","name":"SRT S.r.l.","url":"https:\/\/srt-rail.com\/","logo":{"@type":"ImageObject","inLanguage":"es","@id":"https:\/\/srt-rail.com\/#\/schema\/logo\/image\/","url":"https:\/\/srt-rail.com\/wp-content\/uploads\/2017\/04\/SRT-pay-off-black.png","contentUrl":"https:\/\/srt-rail.com\/wp-content\/uploads\/2017\/04\/SRT-pay-off-black.png","width":251,"height":25,"caption":"SRT S.r.l."},"image":{"@id":"https:\/\/srt-rail.com\/#\/schema\/logo\/image\/"}}]}},"_links":{"self":[{"href":"https:\/\/srt-rail.com\/es\/wp-json\/wp\/v2\/pages\/8901","targetHints":{"allow":["GET"]}}],"collection":[{"href":"https:\/\/srt-rail.com\/es\/wp-json\/wp\/v2\/pages"}],"about":[{"href":"https:\/\/srt-rail.com\/es\/wp-json\/wp\/v2\/types\/page"}],"author":[{"embeddable":true,"href":"https:\/\/srt-rail.com\/es\/wp-json\/wp\/v2\/users\/5"}],"replies":[{"embeddable":true,"href":"https:\/\/srt-rail.com\/es\/wp-json\/wp\/v2\/comments?post=8901"}],"version-history":[{"count":5,"href":"https:\/\/srt-rail.com\/es\/wp-json\/wp\/v2\/pages\/8901\/revisions"}],"predecessor-version":[{"id":10759,"href":"https:\/\/srt-rail.com\/es\/wp-json\/wp\/v2\/pages\/8901\/revisions\/10759"}],"up":[{"embeddable":true,"href":"https:\/\/srt-rail.com\/es\/wp-json\/wp\/v2\/pages\/8277"}],"wp:featuredmedia":[{"embeddable":true,"href":"https:\/\/srt-rail.com\/es\/wp-json\/wp\/v2\/media\/8902"}],"wp:attachment":[{"href":"https:\/\/srt-rail.com\/es\/wp-json\/wp\/v2\/media?parent=8901"}],"curies":[{"name":"wp","href":"https:\/\/api.w.org\/{rel}","templated":true}]}}