{"id":7595,"date":"2025-01-28T11:41:54","date_gmt":"2025-01-28T10:41:54","guid":{"rendered":"https:\/\/srt-rail.com\/?page_id=7595"},"modified":"2025-09-10T14:56:05","modified_gmt":"2025-09-10T12:56:05","slug":"documents-de-lentreprise","status":"publish","type":"page","link":"https:\/\/srt-rail.com\/fr\/profil-entreprise-2\/documents-de-lentreprise\/","title":{"rendered":"Documents de l&#8217;entreprise"},"content":{"rendered":"<p><div class=\"fusion-fullwidth fullwidth-box fusion-builder-row-1 fusion-flex-container has-pattern-background has-mask-background fusion-parallax-none nonhundred-percent-fullwidth non-hundred-percent-height-scrolling\" style=\"--awb-background-blend-mode:multiply;--awb-border-radius-top-left:0px;--awb-border-radius-top-right:0px;--awb-border-radius-bottom-right:0px;--awb-border-radius-bottom-left:0px;--awb-min-height:50vh;--awb-background-color:rgba(0,46,83,0.42);--awb-background-image:url(&quot;https:\/\/srt-rail.com\/wp-content\/uploads\/2018\/10\/SRT-Innotrans-2018-1.jpg&quot;);--awb-background-size:cover;--awb-flex-wrap:wrap;\" ><div class=\"fusion-builder-row fusion-row fusion-flex-align-items-flex-start fusion-flex-content-wrap\" style=\"max-width:1331.2px;margin-left: calc(-4% \/ 2 );margin-right: calc(-4% \/ 2 );\"><div class=\"fusion-layout-column fusion_builder_column fusion-builder-column-0 fusion_builder_column_1_1 1_1 fusion-flex-column fusion-flex-align-self-center\" style=\"--awb-bg-size:cover;--awb-width-large:100%;--awb-margin-top-large:0px;--awb-spacing-right-large:1.92%;--awb-margin-bottom-large:0px;--awb-spacing-left-large:1.92%;--awb-width-medium:100%;--awb-order-medium:0;--awb-spacing-right-medium:1.92%;--awb-spacing-left-medium:1.92%;--awb-width-small:100%;--awb-order-small:0;--awb-spacing-right-small:1.92%;--awb-spacing-left-small:1.92%;\" data-scroll-devices=\"small-visibility,medium-visibility,large-visibility\"><div class=\"fusion-column-wrapper fusion-column-has-shadow fusion-flex-justify-content-flex-start fusion-content-layout-column\"><div class=\"fusion-text fusion-text-1\" style=\"--awb-text-color:var(--awb-color1);\"><span class=\"bread\"><span property=\"itemListElement\" typeof=\"ListItem\"><a property=\"item\" typeof=\"WebPage\" title=\"Vai a SRT.\" href=\"https:\/\/srt-rail.com\/fr\/\" class=\"home\" aria-current=\"page\"><span property=\"name\">SRT<\/span><\/a><meta property=\"position\" content=\"1\"><\/span><\/span>\n<\/div><div class=\"fusion-title title fusion-title-1 fusion-sep-none fusion-title-text fusion-title-size-one fusion-animated\" style=\"--awb-text-color:var(--awb-color1);--awb-margin-bottom:0px;--awb-margin-top-small:0px;--awb-margin-right-small:0px;--awb-margin-bottom-small:20px;--awb-margin-left-small:0px;--awb-font-size:80px;\" data-animationType=\"fadeInLeft\" data-animationDuration=\"0.3\" data-animationOffset=\"top-into-view\"><h1 class=\"fusion-title-heading title-heading-left\" style=\"font-family:var(--awb-typography1-font-family);font-weight:var(--awb-typography1-font-weight);font-style:var(--awb-typography1-font-style);margin:0;letter-spacing:var(--awb-typography1-letter-spacing);text-transform:var(--awb-typography1-text-transform);font-size:1em;line-height:var(--awb-typography1-line-height);\">DOCUMENTS DE L&#8217;ENTREPRISE<\/h1><\/div><\/div><\/div><\/div><\/div><div class=\"fusion-fullwidth fullwidth-box fusion-builder-row-2 fusion-flex-container nonhundred-percent-fullwidth non-hundred-percent-height-scrolling\" style=\"--awb-border-radius-top-left:0px;--awb-border-radius-top-right:0px;--awb-border-radius-bottom-right:0px;--awb-border-radius-bottom-left:0px;--awb-padding-top:50px;--awb-padding-bottom:20px;--awb-flex-wrap:wrap;\" ><div class=\"fusion-builder-row fusion-row fusion-flex-align-items-flex-start fusion-flex-content-wrap\" style=\"max-width:1331.2px;margin-left: calc(-4% \/ 2 );margin-right: calc(-4% \/ 2 );\"><div class=\"fusion-layout-column fusion_builder_column fusion-builder-column-1 fusion_builder_column_1_1 1_1 fusion-flex-column\" style=\"--awb-bg-blend:overlay;--awb-bg-size:cover;--awb-width-large:100%;--awb-margin-top-large:0px;--awb-spacing-right-large:1.92%;--awb-margin-bottom-large:0px;--awb-spacing-left-large:1.92%;--awb-width-medium:100%;--awb-spacing-right-medium:1.92%;--awb-spacing-left-medium:1.92%;--awb-width-small:100%;--awb-spacing-right-small:1.92%;--awb-spacing-left-small:1.92%;\"><div class=\"fusion-column-wrapper fusion-flex-justify-content-flex-start fusion-content-layout-column\"><div class=\"fusion-title title fusion-title-2 fusion-sep-none fusion-title-text fusion-title-size-two\" style=\"--awb-margin-top-small:0px;--awb-margin-right-small:0px;--awb-margin-bottom-small:20px;--awb-margin-left-small:0px;\"><h2 class=\"fusion-title-heading title-heading-left\" style=\"margin:0;\"><strong>Notre \u00e9thique de travail et notre engagement en faveur de la transparence<\/strong><\/h2><\/div><div class=\"fusion-text fusion-text-2\"><p>Bienvenue dans l&#8217;espace consacr\u00e9 \u00e0 la <strong>transparence<\/strong> et \u00e0 la conformit\u00e9 de SRT S.r.l., une entreprise du Groupe Salcef. Cette section contient des documents qui refl\u00e8tent notre engagement \u00e0 op\u00e9rer de mani\u00e8re \u00e9thique et <strong>socialement responsable<\/strong>, en mettant l&#8217;accent sur la <strong>pr\u00e9vention de la corruption<\/strong>.<\/p>\n<p>Nos lignes directrices encouragent un d\u00e9veloppement respectueux des droits de l&#8217;homme et de l&#8217;environnement, engag\u00e9 dans la lutte contre la corruption et int\u00e9grant les principes de qualit\u00e9, de s\u00e9curit\u00e9 et de responsabilit\u00e9 sociale dans l&#8217;ensemble de l&#8217;organisation.<\/p>\n<p>Pour en savoir plus sur notre engagement, consultez les documents disponibles ici.<\/p>\n<\/div><\/div><\/div><\/div><\/div><div class=\"fusion-fullwidth fullwidth-box fusion-builder-row-3 fusion-flex-container has-pattern-background has-mask-background nonhundred-percent-fullwidth non-hundred-percent-height-scrolling\" style=\"--awb-border-radius-top-left:0px;--awb-border-radius-top-right:0px;--awb-border-radius-bottom-right:0px;--awb-border-radius-bottom-left:0px;--awb-padding-top:50px;--awb-flex-wrap:wrap;\" ><div class=\"fusion-builder-row fusion-row fusion-flex-align-items-flex-start fusion-flex-content-wrap\" style=\"max-width:1331.2px;margin-left: calc(-4% \/ 2 );margin-right: calc(-4% \/ 2 );\"><div class=\"fusion-layout-column fusion_builder_column fusion-builder-column-2 fusion_builder_column_1_1 1_1 fusion-flex-column\" style=\"--awb-bg-size:cover;--awb-width-large:100%;--awb-margin-top-large:0px;--awb-spacing-right-large:1.92%;--awb-margin-bottom-large:0px;--awb-spacing-left-large:1.92%;--awb-width-medium:100%;--awb-order-medium:0;--awb-spacing-right-medium:1.92%;--awb-spacing-left-medium:1.92%;--awb-width-small:100%;--awb-order-small:0;--awb-spacing-right-small:1.92%;--awb-spacing-left-small:1.92%;\"><div class=\"fusion-column-wrapper fusion-column-has-shadow fusion-flex-justify-content-flex-start fusion-content-layout-column\"><div class=\"fusion-content-boxes content-boxes columns row fusion-columns-2 fusion-columns-total-4 fusion-content-boxes-1 content-boxes-icon-on-side content-left has-flex-alignment\" style=\"--awb-backgroundcolor:var(--awb-color2);--awb-alignment:stretch;--awb-body-color:var(--awb-color8);--awb-title-color:var(--awb-custom_color_10);--awb-iconcolor:var(--awb-color1);--awb-hover-accent-color:var(--awb-custom_color_1);--awb-circle-hover-accent-color:var(--awb-custom_color_1);\" data-animationOffset=\"top-into-view\"><div style=\"--awb-backgroundcolor:var(--awb-color2);--awb-iconcolor:var(--awb-color1);--awb-content-padding-left:92px;\" class=\"fusion-column content-box-column content-box-column content-box-column-1 col-lg-6 col-md-6 col-sm-6 fusion-content-box-hover content-box-column-first-in-row\"><div class=\"col content-box-wrapper content-wrapper-background link-area-link-icon link-type-button icon-hover-animation-fade fusion-animated\" data-animationType=\"fadeInLeft\" data-animationDuration=\"0.3\" data-animationOffset=\"top-into-view\"><div class=\"heading heading-with-icon icon-left\"><a class=\"heading-link\" href=\"https:\/\/srt-rail.com\/wp-content\/uploads\/2025\/09\/SRT_MOD-231-Parte-generale.pdf\" target=\"_blank\" rel=\"noopener noreferrer\"><div class=\"icon\"><i style=\"border-color:#333333;border-width:1px;background-color:var(--awb-custom_color_1);box-sizing:content-box;height:70px;width:70px;line-height:70px;border-radius:50%;font-size:35px;\" aria-hidden=\"true\" class=\"fontawesome-icon fa-file-alt fas circle-yes\"><\/i><\/div><h3 class=\"content-box-heading\" style=\"--h3_typography-font-size:23px;line-height:28px;padding-left:92px;\">Mod\u00e8le 231<\/h3><\/a><\/div><div class=\"fusion-clearfix\"><\/div><div class=\"content-container\">\n<p>Le Mod\u00e8le d&#8217;Organisation, Management et Contr\u00f4le selon le d\u00e9cret l\u00e9gislatif 231\/2001 de SRT comprend une Partie G\u00e9n\u00e9rale et des Parties Sp\u00e9ciales, ces derni\u00e8res \u00e9tant exclusivement destin\u00e9es \u00e0 un usage interne.<\/p>\n<\/div><div class=\"fusion-clearfix\"><\/div><a class=\"fusion-read-more-button fusion-content-box-button fusion-button button-default fusion-button-default-size button- button-flat\" style=\"margin-left:92px;\" href=\"https:\/\/srt-rail.com\/wp-content\/uploads\/2025\/09\/SRT_MOD-231-Parte-generale.pdf\" target=\"_blank\" rel=\"noopener noreferrer\"><span class=\"fusion-button-text\">T\u00c9L\u00c9CHARGER<\/span><\/a><div class=\"fusion-clearfix\"><\/div><\/div><\/div><div style=\"--awb-backgroundcolor:var(--awb-color2);--awb-iconcolor:var(--awb-color1);--awb-content-padding-left:92px;\" class=\"fusion-column content-box-column content-box-column content-box-column-2 col-lg-6 col-md-6 col-sm-6 fusion-content-box-hover content-box-column-last-in-row\"><div class=\"col content-box-wrapper content-wrapper-background link-area-link-icon link-type-button icon-hover-animation-fade fusion-animated\" data-animationType=\"fadeInLeft\" data-animationDuration=\"0.3\" data-animationOffset=\"top-into-view\"><div class=\"heading heading-with-icon icon-left\"><a class=\"heading-link\" href=\"https:\/\/srt-rail.com\/wp-content\/uploads\/2024\/08\/20230316-SG-COR-R2.0-VT-301-Politica-Integrata-Unica-EN-1.pdf\" target=\"_blank\" rel=\"noopener noreferrer\"><div class=\"icon\"><i style=\"border-color:#333333;border-width:1px;background-color:var(--awb-custom_color_1);box-sizing:content-box;height:70px;width:70px;line-height:70px;border-radius:50%;font-size:35px;\" aria-hidden=\"true\" class=\"fontawesome-icon fa-file-alt fas circle-yes\"><\/i><\/div><h3 class=\"content-box-heading\" style=\"--h3_typography-font-size:23px;line-height:28px;padding-left:92px;\">Politique int\u00e9gr\u00e9e<\/h3><\/a><\/div><div class=\"fusion-clearfix\"><\/div><div class=\"content-container\">\n<p>La politique int\u00e9gr\u00e9e refl\u00e8te l&#8217;engagement de la SRT \u00e0 maintenir des standards de qualit\u00e9 \u00e9lev\u00e9s dans toutes ses activit\u00e9s, tout en promouvant la protection de l&#8217;environnement, la sant\u00e9 et la s\u00e9curit\u00e9 des travailleurs, la gestion efficace de l&#8217;\u00e9nergie et la pr\u00e9vention de la corruption.<\/p>\n<\/div><div class=\"fusion-clearfix\"><\/div><a class=\"fusion-read-more-button fusion-content-box-button fusion-button button-default fusion-button-default-size button- button-flat\" style=\"margin-left:92px;\" href=\"https:\/\/srt-rail.com\/wp-content\/uploads\/2024\/08\/20230316-SG-COR-R2.0-VT-301-Politica-Integrata-Unica-EN-1.pdf\" target=\"_blank\" rel=\"noopener noreferrer\"><span class=\"fusion-button-text\">T\u00c9L\u00c9CHARGER<\/span><\/a><div class=\"fusion-clearfix\"><\/div><\/div><\/div><div style=\"--awb-backgroundcolor:var(--awb-color2);--awb-iconcolor:var(--awb-color1);--awb-content-padding-left:92px;\" class=\"fusion-column content-box-column content-box-column content-box-column-3 col-lg-6 col-md-6 col-sm-6 fusion-content-box-hover content-box-column-first-in-row\"><div class=\"col content-box-wrapper content-wrapper-background link-area-link-icon link-type-button icon-hover-animation-fade fusion-animated\" data-animationType=\"fadeInLeft\" data-animationDuration=\"0.3\" data-animationOffset=\"top-into-view\"><div class=\"heading heading-with-icon icon-left\"><a class=\"heading-link\" href=\"https:\/\/srt-rail.com\/wp-content\/uploads\/2024\/08\/20230316-SG-COR-R0.6-VT-332-Policy-Diritti-Umani-EN-1.pdf\" target=\"_blank\" rel=\"noopener noreferrer\"><div class=\"icon\"><i style=\"border-color:#333333;border-width:1px;background-color:var(--awb-custom_color_1);box-sizing:content-box;height:70px;width:70px;line-height:70px;border-radius:50%;font-size:35px;\" aria-hidden=\"true\" class=\"fontawesome-icon fa-file-alt fas circle-yes\"><\/i><\/div><h3 class=\"content-box-heading\" style=\"--h3_typography-font-size:23px;line-height:28px;padding-left:92px;\">Politique en mati\u00e8re de droits de l'homme<\/h3><\/a><\/div><div class=\"fusion-clearfix\"><\/div><div class=\"content-container\">\n<p>SRT est profond\u00e9ment attach\u00e9e \u00e0 la promotion et \u00e0 la protection des droits de l&#8217;homme, aussi bien au sein de l&#8217;entreprise que dans les interactions avec les parties ext\u00e9rieures.<\/p>\n<\/div><div class=\"fusion-clearfix\"><\/div><a class=\"fusion-read-more-button fusion-content-box-button fusion-button button-default fusion-button-default-size button- button-flat\" style=\"margin-left:92px;\" href=\"https:\/\/srt-rail.com\/wp-content\/uploads\/2024\/08\/20230316-SG-COR-R0.6-VT-332-Policy-Diritti-Umani-EN-1.pdf\" target=\"_blank\" rel=\"noopener noreferrer\"><span class=\"fusion-button-text\">T\u00c9L\u00c9CHARGER<\/span><\/a><div class=\"fusion-clearfix\"><\/div><\/div><\/div><div style=\"--awb-backgroundcolor:var(--awb-color2);--awb-iconcolor:var(--awb-color1);--awb-content-padding-left:92px;\" class=\"fusion-column content-box-column content-box-column content-box-column-4 col-lg-6 col-md-6 col-sm-6 fusion-content-box-hover content-box-column-last content-box-column-last-in-row\"><div class=\"col content-box-wrapper content-wrapper-background link-area-link-icon link-type-button icon-hover-animation-fade fusion-animated\" data-animationType=\"fadeInLeft\" data-animationDuration=\"0.3\" data-animationOffset=\"top-into-view\"><div class=\"heading heading-with-icon icon-left\"><a class=\"heading-link\" href=\"https:\/\/srt-rail.com\/wp-content\/uploads\/2024\/08\/20230316-SG-COR-R0.6-VT-333-Policy-DEI-EN-1.pdf\" target=\"_blank\" rel=\"noopener noreferrer\"><div class=\"icon\"><i style=\"border-color:#333333;border-width:1px;background-color:var(--awb-custom_color_1);box-sizing:content-box;height:70px;width:70px;line-height:70px;border-radius:50%;font-size:35px;\" aria-hidden=\"true\" class=\"fontawesome-icon fa-file-alt fas circle-yes\"><\/i><\/div><h3 class=\"content-box-heading\" style=\"--h3_typography-font-size:23px;line-height:28px;padding-left:92px;\">Politique de diversit\u00e9, d'\u00e9quit\u00e9 et d'inclusion<\/h3><\/a><\/div><div class=\"fusion-clearfix\"><\/div><div class=\"content-container\">\n<p>SRT s&#8217;engage \u00e0 cr\u00e9er un environnement de travail qui respecte et valorise la diversit\u00e9 et promeut l&#8217;\u00e9quit\u00e9 sous toutes ses formes.<\/p>\n<\/div><div class=\"fusion-clearfix\"><\/div><a class=\"fusion-read-more-button fusion-content-box-button fusion-button button-default fusion-button-default-size button- button-flat\" style=\"margin-left:92px;\" href=\"https:\/\/srt-rail.com\/wp-content\/uploads\/2024\/08\/20230316-SG-COR-R0.6-VT-333-Policy-DEI-EN-1.pdf\" target=\"_blank\" rel=\"noopener noreferrer\"><span class=\"fusion-button-text\">T\u00c9L\u00c9CHARGER<\/span><\/a><div class=\"fusion-clearfix\"><\/div><\/div><\/div><div class=\"fusion-clearfix\"><\/div><\/div><\/div><\/div><\/div><\/div><\/p>\n","protected":false},"excerpt":{"rendered":"","protected":false},"author":5,"featured_media":7596,"parent":7354,"menu_order":0,"comment_status":"closed","ping_status":"closed","template":"100-width.php","meta":{"footnotes":""},"class_list":["post-7595","page","type-page","status-publish","has-post-thumbnail","hentry"],"yoast_head":"<!-- This site is optimized with the Yoast SEO plugin v27.4 - https:\/\/yoast.com\/product\/yoast-seo-wordpress\/ -->\n<title>Documents d&#039;entreprise SRT : engagement en faveur de l&#039;\u00e9thique et de la transparence<\/title>\n<meta name=\"description\" content=\"Pour savoir comment nous valorisons l&#039;\u00e9thique du travail, la transparence et la responsabilit\u00e9 sociale \u00e0 travers nos politiques, consultez les documents d&#039;entreprise SRT.\" \/>\n<meta name=\"robots\" content=\"index, follow, max-snippet:-1, max-image-preview:large, max-video-preview:-1\" \/>\n<link rel=\"canonical\" href=\"https:\/\/srt-rail.com\/fr\/profil-entreprise-2\/documents-de-lentreprise\/\" \/>\n<meta property=\"og:locale\" content=\"fr_FR\" \/>\n<meta property=\"og:type\" content=\"article\" \/>\n<meta property=\"og:title\" content=\"Documents d&#039;entreprise SRT : engagement en faveur de l&#039;\u00e9thique et de la transparence\" \/>\n<meta property=\"og:description\" content=\"Pour savoir comment nous valorisons l&#039;\u00e9thique du travail, la transparence et la responsabilit\u00e9 sociale \u00e0 travers nos politiques, consultez les documents d&#039;entreprise SRT.\" \/>\n<meta property=\"og:url\" content=\"https:\/\/srt-rail.com\/fr\/profil-entreprise-2\/documents-de-lentreprise\/\" \/>\n<meta property=\"og:site_name\" content=\"SRT\" \/>\n<meta property=\"article:modified_time\" content=\"2025-09-10T12:56:05+00:00\" \/>\n<meta property=\"og:image\" content=\"https:\/\/srt-rail.com\/wp-content\/uploads\/2018\/10\/SRT-Innotrans-2018-1.jpg\" \/>\n\t<meta property=\"og:image:width\" content=\"2000\" \/>\n\t<meta property=\"og:image:height\" content=\"986\" \/>\n\t<meta property=\"og:image:type\" content=\"image\/jpeg\" \/>\n<meta name=\"twitter:card\" content=\"summary_large_image\" \/>\n<meta name=\"twitter:label1\" content=\"Dur\u00e9e de lecture estim\u00e9e\" \/>\n\t<meta name=\"twitter:data1\" content=\"2 minutes\" \/>\n<script type=\"application\/ld+json\" class=\"yoast-schema-graph\">{\"@context\":\"https:\\\/\\\/schema.org\",\"@graph\":[{\"@type\":\"WebPage\",\"@id\":\"https:\\\/\\\/srt-rail.com\\\/fr\\\/profil-entreprise-2\\\/documents-de-lentreprise\\\/\",\"url\":\"https:\\\/\\\/srt-rail.com\\\/fr\\\/profil-entreprise-2\\\/documents-de-lentreprise\\\/\",\"name\":\"Documents d'entreprise SRT : engagement en faveur de l'\u00e9thique et de la transparence\",\"isPartOf\":{\"@id\":\"https:\\\/\\\/srt-rail.com\\\/#website\"},\"primaryImageOfPage\":{\"@id\":\"https:\\\/\\\/srt-rail.com\\\/fr\\\/profil-entreprise-2\\\/documents-de-lentreprise\\\/#primaryimage\"},\"image\":{\"@id\":\"https:\\\/\\\/srt-rail.com\\\/fr\\\/profil-entreprise-2\\\/documents-de-lentreprise\\\/#primaryimage\"},\"thumbnailUrl\":\"https:\\\/\\\/srt-rail.com\\\/wp-content\\\/uploads\\\/2018\\\/10\\\/SRT-Innotrans-2018-1.jpg\",\"datePublished\":\"2025-01-28T10:41:54+00:00\",\"dateModified\":\"2025-09-10T12:56:05+00:00\",\"description\":\"Pour savoir comment nous valorisons l'\u00e9thique du travail, la transparence et la responsabilit\u00e9 sociale \u00e0 travers nos politiques, consultez les documents d'entreprise SRT.\",\"breadcrumb\":{\"@id\":\"https:\\\/\\\/srt-rail.com\\\/fr\\\/profil-entreprise-2\\\/documents-de-lentreprise\\\/#breadcrumb\"},\"inLanguage\":\"fr-FR\",\"potentialAction\":[{\"@type\":\"ReadAction\",\"target\":[\"https:\\\/\\\/srt-rail.com\\\/fr\\\/profil-entreprise-2\\\/documents-de-lentreprise\\\/\"]}]},{\"@type\":\"ImageObject\",\"inLanguage\":\"fr-FR\",\"@id\":\"https:\\\/\\\/srt-rail.com\\\/fr\\\/profil-entreprise-2\\\/documents-de-lentreprise\\\/#primaryimage\",\"url\":\"https:\\\/\\\/srt-rail.com\\\/wp-content\\\/uploads\\\/2018\\\/10\\\/SRT-Innotrans-2018-1.jpg\",\"contentUrl\":\"https:\\\/\\\/srt-rail.com\\\/wp-content\\\/uploads\\\/2018\\\/10\\\/SRT-Innotrans-2018-1.jpg\",\"width\":2000,\"height\":986},{\"@type\":\"BreadcrumbList\",\"@id\":\"https:\\\/\\\/srt-rail.com\\\/fr\\\/profil-entreprise-2\\\/documents-de-lentreprise\\\/#breadcrumb\",\"itemListElement\":[{\"@type\":\"ListItem\",\"position\":1,\"name\":\"Home\",\"item\":\"https:\\\/\\\/srt-rail.com\\\/fr\\\/\"},{\"@type\":\"ListItem\",\"position\":2,\"name\":\"Profil d\u2019entreprise\",\"item\":\"https:\\\/\\\/srt-rail.com\\\/fr\\\/profil-entreprise-2\\\/\"},{\"@type\":\"ListItem\",\"position\":3,\"name\":\"Documents de l&#8217;entreprise\"}]},{\"@type\":\"WebSite\",\"@id\":\"https:\\\/\\\/srt-rail.com\\\/#website\",\"url\":\"https:\\\/\\\/srt-rail.com\\\/\",\"name\":\"SRT\",\"description\":\"\",\"publisher\":{\"@id\":\"https:\\\/\\\/srt-rail.com\\\/#organization\"},\"potentialAction\":[{\"@type\":\"SearchAction\",\"target\":{\"@type\":\"EntryPoint\",\"urlTemplate\":\"https:\\\/\\\/srt-rail.com\\\/?s={search_term_string}\"},\"query-input\":{\"@type\":\"PropertyValueSpecification\",\"valueRequired\":true,\"valueName\":\"search_term_string\"}}],\"inLanguage\":\"fr-FR\"},{\"@type\":\"Organization\",\"@id\":\"https:\\\/\\\/srt-rail.com\\\/#organization\",\"name\":\"SRT S.r.l.\",\"url\":\"https:\\\/\\\/srt-rail.com\\\/\",\"logo\":{\"@type\":\"ImageObject\",\"inLanguage\":\"fr-FR\",\"@id\":\"https:\\\/\\\/srt-rail.com\\\/#\\\/schema\\\/logo\\\/image\\\/\",\"url\":\"https:\\\/\\\/srt-rail.com\\\/wp-content\\\/uploads\\\/2017\\\/04\\\/SRT-pay-off-black.png\",\"contentUrl\":\"https:\\\/\\\/srt-rail.com\\\/wp-content\\\/uploads\\\/2017\\\/04\\\/SRT-pay-off-black.png\",\"width\":251,\"height\":25,\"caption\":\"SRT S.r.l.\"},\"image\":{\"@id\":\"https:\\\/\\\/srt-rail.com\\\/#\\\/schema\\\/logo\\\/image\\\/\"}}]}<\/script>\n<!-- \/ Yoast SEO plugin. -->","yoast_head_json":{"title":"Documents d'entreprise SRT : engagement en faveur de l'\u00e9thique et de la transparence","description":"Pour savoir comment nous valorisons l'\u00e9thique du travail, la transparence et la responsabilit\u00e9 sociale \u00e0 travers nos politiques, consultez les documents d'entreprise SRT.","robots":{"index":"index","follow":"follow","max-snippet":"max-snippet:-1","max-image-preview":"max-image-preview:large","max-video-preview":"max-video-preview:-1"},"canonical":"https:\/\/srt-rail.com\/fr\/profil-entreprise-2\/documents-de-lentreprise\/","og_locale":"fr_FR","og_type":"article","og_title":"Documents d'entreprise SRT : engagement en faveur de l'\u00e9thique et de la transparence","og_description":"Pour savoir comment nous valorisons l'\u00e9thique du travail, la transparence et la responsabilit\u00e9 sociale \u00e0 travers nos politiques, consultez les documents d'entreprise SRT.","og_url":"https:\/\/srt-rail.com\/fr\/profil-entreprise-2\/documents-de-lentreprise\/","og_site_name":"SRT","article_modified_time":"2025-09-10T12:56:05+00:00","og_image":[{"width":2000,"height":986,"url":"https:\/\/srt-rail.com\/wp-content\/uploads\/2018\/10\/SRT-Innotrans-2018-1.jpg","type":"image\/jpeg"}],"twitter_card":"summary_large_image","twitter_misc":{"Dur\u00e9e de lecture estim\u00e9e":"2 minutes"},"schema":{"@context":"https:\/\/schema.org","@graph":[{"@type":"WebPage","@id":"https:\/\/srt-rail.com\/fr\/profil-entreprise-2\/documents-de-lentreprise\/","url":"https:\/\/srt-rail.com\/fr\/profil-entreprise-2\/documents-de-lentreprise\/","name":"Documents d'entreprise SRT : engagement en faveur de l'\u00e9thique et de la transparence","isPartOf":{"@id":"https:\/\/srt-rail.com\/#website"},"primaryImageOfPage":{"@id":"https:\/\/srt-rail.com\/fr\/profil-entreprise-2\/documents-de-lentreprise\/#primaryimage"},"image":{"@id":"https:\/\/srt-rail.com\/fr\/profil-entreprise-2\/documents-de-lentreprise\/#primaryimage"},"thumbnailUrl":"https:\/\/srt-rail.com\/wp-content\/uploads\/2018\/10\/SRT-Innotrans-2018-1.jpg","datePublished":"2025-01-28T10:41:54+00:00","dateModified":"2025-09-10T12:56:05+00:00","description":"Pour savoir comment nous valorisons l'\u00e9thique du travail, la transparence et la responsabilit\u00e9 sociale \u00e0 travers nos politiques, consultez les documents d'entreprise SRT.","breadcrumb":{"@id":"https:\/\/srt-rail.com\/fr\/profil-entreprise-2\/documents-de-lentreprise\/#breadcrumb"},"inLanguage":"fr-FR","potentialAction":[{"@type":"ReadAction","target":["https:\/\/srt-rail.com\/fr\/profil-entreprise-2\/documents-de-lentreprise\/"]}]},{"@type":"ImageObject","inLanguage":"fr-FR","@id":"https:\/\/srt-rail.com\/fr\/profil-entreprise-2\/documents-de-lentreprise\/#primaryimage","url":"https:\/\/srt-rail.com\/wp-content\/uploads\/2018\/10\/SRT-Innotrans-2018-1.jpg","contentUrl":"https:\/\/srt-rail.com\/wp-content\/uploads\/2018\/10\/SRT-Innotrans-2018-1.jpg","width":2000,"height":986},{"@type":"BreadcrumbList","@id":"https:\/\/srt-rail.com\/fr\/profil-entreprise-2\/documents-de-lentreprise\/#breadcrumb","itemListElement":[{"@type":"ListItem","position":1,"name":"Home","item":"https:\/\/srt-rail.com\/fr\/"},{"@type":"ListItem","position":2,"name":"Profil d\u2019entreprise","item":"https:\/\/srt-rail.com\/fr\/profil-entreprise-2\/"},{"@type":"ListItem","position":3,"name":"Documents de l&#8217;entreprise"}]},{"@type":"WebSite","@id":"https:\/\/srt-rail.com\/#website","url":"https:\/\/srt-rail.com\/","name":"SRT","description":"","publisher":{"@id":"https:\/\/srt-rail.com\/#organization"},"potentialAction":[{"@type":"SearchAction","target":{"@type":"EntryPoint","urlTemplate":"https:\/\/srt-rail.com\/?s={search_term_string}"},"query-input":{"@type":"PropertyValueSpecification","valueRequired":true,"valueName":"search_term_string"}}],"inLanguage":"fr-FR"},{"@type":"Organization","@id":"https:\/\/srt-rail.com\/#organization","name":"SRT S.r.l.","url":"https:\/\/srt-rail.com\/","logo":{"@type":"ImageObject","inLanguage":"fr-FR","@id":"https:\/\/srt-rail.com\/#\/schema\/logo\/image\/","url":"https:\/\/srt-rail.com\/wp-content\/uploads\/2017\/04\/SRT-pay-off-black.png","contentUrl":"https:\/\/srt-rail.com\/wp-content\/uploads\/2017\/04\/SRT-pay-off-black.png","width":251,"height":25,"caption":"SRT S.r.l."},"image":{"@id":"https:\/\/srt-rail.com\/#\/schema\/logo\/image\/"}}]}},"_links":{"self":[{"href":"https:\/\/srt-rail.com\/fr\/wp-json\/wp\/v2\/pages\/7595","targetHints":{"allow":["GET"]}}],"collection":[{"href":"https:\/\/srt-rail.com\/fr\/wp-json\/wp\/v2\/pages"}],"about":[{"href":"https:\/\/srt-rail.com\/fr\/wp-json\/wp\/v2\/types\/page"}],"author":[{"embeddable":true,"href":"https:\/\/srt-rail.com\/fr\/wp-json\/wp\/v2\/users\/5"}],"replies":[{"embeddable":true,"href":"https:\/\/srt-rail.com\/fr\/wp-json\/wp\/v2\/comments?post=7595"}],"version-history":[{"count":2,"href":"https:\/\/srt-rail.com\/fr\/wp-json\/wp\/v2\/pages\/7595\/revisions"}],"predecessor-version":[{"id":10448,"href":"https:\/\/srt-rail.com\/fr\/wp-json\/wp\/v2\/pages\/7595\/revisions\/10448"}],"up":[{"embeddable":true,"href":"https:\/\/srt-rail.com\/fr\/wp-json\/wp\/v2\/pages\/7354"}],"wp:featuredmedia":[{"embeddable":true,"href":"https:\/\/srt-rail.com\/fr\/wp-json\/wp\/v2\/media\/7596"}],"wp:attachment":[{"href":"https:\/\/srt-rail.com\/fr\/wp-json\/wp\/v2\/media?parent=7595"}],"curies":[{"name":"wp","href":"https:\/\/api.w.org\/{rel}","templated":true}]}}