{"id":4354,"date":"2024-04-18T13:29:03","date_gmt":"2024-04-18T11:29:03","guid":{"rendered":"https:\/\/srt-rail.com\/?page_id=4354"},"modified":"2024-06-26T15:17:22","modified_gmt":"2024-06-26T13:17:22","slug":"noleggio-a-lungo-termine","status":"publish","type":"page","link":"https:\/\/srt-rail.com\/it\/servizi\/noleggio-a-lungo-termine\/","title":{"rendered":"Noleggio a lungo termine"},"content":{"rendered":"<p><div class=\"fusion-fullwidth fullwidth-box fusion-builder-row-1 fusion-flex-container has-pattern-background has-mask-background fusion-parallax-none nonhundred-percent-fullwidth non-hundred-percent-height-scrolling\" style=\"--awb-background-blend-mode:multiply;--awb-border-radius-top-left:0px;--awb-border-radius-top-right:0px;--awb-border-radius-bottom-right:0px;--awb-border-radius-bottom-left:0px;--awb-min-height:50vh;--awb-background-color:rgba(0,46,83,0.42);--awb-background-image:url(&quot;https:\/\/srt-rail.com\/wp-content\/uploads\/2022\/05\/SRT_Sgmns-bogie-1.jpg&quot;);--awb-background-size:cover;--awb-flex-wrap:wrap;\" ><div class=\"fusion-builder-row fusion-row fusion-flex-align-items-flex-start fusion-flex-content-wrap\" style=\"max-width:1331.2px;margin-left: calc(-4% \/ 2 );margin-right: calc(-4% \/ 2 );\"><div class=\"fusion-layout-column fusion_builder_column fusion-builder-column-0 fusion_builder_column_1_1 1_1 fusion-flex-column fusion-flex-align-self-center\" style=\"--awb-bg-size:cover;--awb-width-large:100%;--awb-margin-top-large:0px;--awb-spacing-right-large:1.92%;--awb-margin-bottom-large:0px;--awb-spacing-left-large:1.92%;--awb-width-medium:100%;--awb-order-medium:0;--awb-spacing-right-medium:1.92%;--awb-spacing-left-medium:1.92%;--awb-width-small:100%;--awb-order-small:0;--awb-spacing-right-small:1.92%;--awb-spacing-left-small:1.92%;\" data-scroll-devices=\"small-visibility,medium-visibility,large-visibility\"><div class=\"fusion-column-wrapper fusion-column-has-shadow fusion-flex-justify-content-flex-start fusion-content-layout-column\"><div class=\"fusion-text fusion-text-1\" style=\"--awb-text-color:var(--awb-color1);\"><span class=\"bread\"><span property=\"itemListElement\" typeof=\"ListItem\"><a property=\"item\" typeof=\"WebPage\" title=\"Vai a SRT.\" href=\"https:\/\/srt-rail.com\/it\/\" class=\"home\" aria-current=\"page\"><span property=\"name\">SRT<\/span><\/a><meta property=\"position\" content=\"1\"><\/span><\/span>\n<\/div><div class=\"fusion-title title fusion-title-1 fusion-sep-none fusion-title-text fusion-title-size-one fusion-animated\" style=\"--awb-text-color:var(--awb-color1);--awb-margin-bottom:0px;--awb-margin-top-small:0px;--awb-margin-right-small:0px;--awb-margin-bottom-small:20px;--awb-margin-left-small:0px;--awb-font-size:80px;\" data-animationType=\"fadeInLeft\" data-animationDuration=\"0.3\" data-animationOffset=\"top-into-view\"><h1 class=\"fusion-title-heading title-heading-left\" style=\"font-family:var(--awb-typography1-font-family);font-weight:var(--awb-typography1-font-weight);font-style:var(--awb-typography1-font-style);margin:0;letter-spacing:var(--awb-typography1-letter-spacing);text-transform:var(--awb-typography1-text-transform);font-size:1em;line-height:var(--awb-typography1-line-height);\">NOLEGGIO A LUNGO TERMINE<\/h1><\/div><\/div><\/div><\/div><\/div><div class=\"fusion-fullwidth fullwidth-box fusion-builder-row-2 fusion-flex-container nonhundred-percent-fullwidth non-hundred-percent-height-scrolling\" style=\"--awb-border-radius-top-left:0px;--awb-border-radius-top-right:0px;--awb-border-radius-bottom-right:0px;--awb-border-radius-bottom-left:0px;--awb-padding-top:50px;--awb-padding-bottom:20px;--awb-flex-wrap:wrap;\" ><div class=\"fusion-builder-row fusion-row fusion-flex-align-items-flex-start fusion-flex-content-wrap\" style=\"max-width:1331.2px;margin-left: calc(-4% \/ 2 );margin-right: calc(-4% \/ 2 );\"><div class=\"fusion-layout-column fusion_builder_column fusion-builder-column-1 fusion_builder_column_1_1 1_1 fusion-flex-column\" style=\"--awb-bg-blend:overlay;--awb-bg-size:cover;--awb-width-large:100%;--awb-margin-top-large:0px;--awb-spacing-right-large:1.92%;--awb-margin-bottom-large:0px;--awb-spacing-left-large:1.92%;--awb-width-medium:100%;--awb-spacing-right-medium:1.92%;--awb-spacing-left-medium:1.92%;--awb-width-small:100%;--awb-spacing-right-small:1.92%;--awb-spacing-left-small:1.92%;\"><div class=\"fusion-column-wrapper fusion-flex-justify-content-flex-start fusion-content-layout-column\"><div class=\"fusion-title title fusion-title-2 fusion-sep-none fusion-title-text fusion-title-size-two\" style=\"--awb-margin-top-small:0px;--awb-margin-right-small:0px;--awb-margin-bottom-small:20px;--awb-margin-left-small:0px;\"><h2 class=\"fusion-title-heading title-heading-left\" style=\"margin:0;\"><h2><strong>Noleggio a lungo termine di mezzi ferroviari e attrezzature<\/strong><\/h2><\/h2><\/div><div class=\"fusion-text fusion-text-2\"><p>Il nostro servizio di <strong>noleggio a lungo termine<\/strong> offre <strong>soluzioni flessibili<\/strong> e convenienti per l&#8217;acquisizione temporanea di <strong>mezzi ferroviari<\/strong> e attrezzature. Valutando le soluzioni pi\u00f9 adatte alle esigenze specifiche, sar\u00e0 possibile ottimizzare l&#8217;utilizzo delle risorse finanziarie e umane a favore della competitivit\u00e0 e della produttivit\u00e0.<\/p>\n<\/div><ul style=\"--awb-size:16px;--awb-margin-bottom:30px;--awb-item-padding-top:10px;--awb-item-padding-right:10px;--awb-item-padding-bottom:10px;--awb-item-padding-left:10px;--awb-odd-row-bgcolor:var(--awb-color1);--awb-even-row-bgcolor:var(--awb-color2);--awb-iconcolor:var(--awb-custom_color_1);--awb-line-height:27.2px;--awb-icon-width:27.2px;--awb-icon-height:27.2px;--awb-icon-margin:11.2px;--awb-content-margin:38.4px;--awb-circlecolor:#f9bc00;--awb-circle-yes-font-size:14.08px;\" class=\"fusion-checklist fusion-checklist-1 type-icons checklistVantaggi\"><li class=\"fusion-li-item\" style=\"\"><span class=\"icon-wrapper circle-yes\"><i class=\"fusion-li-icon fa-layer-group fas\" aria-hidden=\"true\"><\/i><\/span><div class=\"fusion-li-item-content\">\n<p><strong>Flessibilit\u00e0 e adattabilit\u00e0<br \/><\/strong>Individuiamo la miglior soluzione per soddisfare le vostre esigenze, sia per grandi progetti di costruzione ferroviaria sia per necessit\u00e0 operative temporanee.<strong>&nbsp;<\/strong><\/p>\n<\/div><\/li><li class=\"fusion-li-item\" style=\"\"><span class=\"icon-wrapper circle-yes\"><i class=\"fusion-li-icon fa-dollar-sign fas\" aria-hidden=\"true\"><\/i><\/span><div class=\"fusion-li-item-content\">\n<p><strong>Riduzione dei costi iniziali<br \/><\/strong>Il noleggio a lungo termine vi permette di evitare investimenti iniziali elevati, ottimizzando l&#8217;utilizzo delle risorse finanziarie e permettendovi di concentrarvi sui vostri progetti.<\/p>\n<\/div><\/li><li class=\"fusion-li-item\" style=\"\"><span class=\"icon-wrapper circle-yes\"><i class=\"fusion-li-icon fa-shield-alt fas\" aria-hidden=\"true\"><\/i><\/span><div class=\"fusion-li-item-content\">\n<p><strong>Reperibilit\u00e0 dei mezzi d\u2019opera e sicurezza<br \/><\/strong>Il servizio di noleggio a lungo termine vi permette di avere a disposizione macchine ferroviarie e attrezzature testate e perfettamente funzionanti, sicure e performanti.<strong>&nbsp;<\/strong><\/p>\n<\/div><\/li><li class=\"fusion-li-item\" style=\"\"><span class=\"icon-wrapper circle-yes\"><i class=\"fusion-li-icon fa-check-circle fas\" aria-hidden=\"true\"><\/i><\/span><div class=\"fusion-li-item-content\">\n<p><strong>Assistenza continua<br \/><\/strong>Grazie a team dedicati sempre pronti ad assistervi e risolvere qualsiasi problema in modo tempestivo, garantiamo un supporto continuo durante tutto il periodo di noleggio.<\/p>\n<\/div><\/li><li class=\"fusion-li-item\" style=\"\"><span class=\"icon-wrapper circle-yes\"><i class=\"fusion-li-icon fa-exclamation-circle fas\" aria-hidden=\"true\"><\/i><\/span><div class=\"fusion-li-item-content\">\n<p><strong>Riduzione dei rischi<br \/><\/strong>Il noleggio a lungo termine permette di ridurre i rischi legati alla propriet\u00e0 e alla gestione di mezzi ferroviari. Noi di SRT proponiamo una corretta manutenzione, pianificando interventi in base alla durata del noleggio e alle ore di attivit\u00e0 previste, assicurando continuit\u00e0 ed efficienza operativa.<\/p>\n<\/div><\/li><\/ul><div class=\"fusion-text fusion-text-3\"><p><strong>Scegliendo SRT, potrete dedicarvi pienamente ai vostri progetti, con la sicurezza di disporre di mezzi affidabili e soluzioni su misura per le vostre necessit\u00e0 nel settore ferroviario. Scoprite come possiamo essere il vostro partner strategico. <\/strong><\/p>\n<\/div><\/div><\/div><\/div><\/div><div class=\"fusion-fullwidth fullwidth-box fusion-builder-row-3 fusion-flex-container has-pattern-background has-mask-background nonhundred-percent-fullwidth non-hundred-percent-height-scrolling\" style=\"--awb-border-radius-top-left:0px;--awb-border-radius-top-right:0px;--awb-border-radius-bottom-right:0px;--awb-border-radius-bottom-left:0px;--awb-margin-bottom:60px;--awb-flex-wrap:wrap;\" ><div class=\"fusion-builder-row fusion-row fusion-flex-align-items-flex-start fusion-flex-content-wrap\" style=\"max-width:1331.2px;margin-left: calc(-4% \/ 2 );margin-right: calc(-4% \/ 2 );\"><div class=\"fusion-layout-column fusion_builder_column fusion-builder-column-2 fusion_builder_column_1_1 1_1 fusion-flex-column\" style=\"--awb-bg-blend:overlay;--awb-bg-size:cover;--awb-width-large:100%;--awb-margin-top-large:0px;--awb-spacing-right-large:1.92%;--awb-margin-bottom-large:0px;--awb-spacing-left-large:1.92%;--awb-width-medium:100%;--awb-spacing-right-medium:1.92%;--awb-spacing-left-medium:1.92%;--awb-width-small:100%;--awb-spacing-right-small:1.92%;--awb-spacing-left-small:1.92%;\"><div class=\"fusion-column-wrapper fusion-flex-justify-content-flex-start fusion-content-layout-column\"><div style=\"text-align:left;\"><a class=\"fusion-button button-flat button-large button-default fusion-button-default button-1 fusion-button-default-span fusion-button-default-type\" style=\"--button_text_transform:uppercase;--button_typography-letter-spacing:var(--awb-typography2-letter-spacing);--button_typography-font-family:var(--awb-typography2-font-family);--button_typography-font-weight:var(--awb-typography2-font-weight);--button_typography-font-style:var(--awb-typography2-font-style);--button_margin-top:10px;\" target=\"_self\" title=\"Richiedi informazioni\" aria-label=\"Richiedi informazioni\" href=\"#\" data-toggle=\"modal\" data-target=\".fusion-modal.modulo\"><span class=\"fusion-button-text awb-button__text awb-button__text--default\">Richiedi maggiori informazioni<\/span><i class=\"fa-paper-plane fas awb-button__icon awb-button__icon--default button-icon-right\" aria-hidden=\"true\"><\/i><\/a><\/div><div class=\"fusion-modal modal fade modal-1 modulo\" tabindex=\"-1\" role=\"dialog\" aria-labelledby=\"modal-heading-1\" aria-hidden=\"true\" style=\"--awb-border-color:#ebebeb;--awb-background:var(--awb-color3);\"><div class=\"modal-dialog modal-lg\" role=\"document\"><div class=\"modal-content fusion-modal-content\"><div class=\"modal-header\"><button class=\"close\" type=\"button\" data-dismiss=\"modal\" aria-hidden=\"true\" aria-label=\"Chiudi\">&times;<\/button><h3 class=\"modal-title\" id=\"modal-heading-1\" data-dismiss=\"modal\" aria-hidden=\"true\">Richiedi informazioni<\/h3><\/div><div class=\"modal-body fusion-clearfix\">\n\n<div class=\"wpcf7 no-js\" id=\"wpcf7-f4399-o1\" lang=\"it-IT\" dir=\"ltr\" data-wpcf7-id=\"4399\">\n<div class=\"screen-reader-response\"><p role=\"status\" aria-live=\"polite\" aria-atomic=\"true\"><\/p> <ul><\/ul><\/div>\n<form action=\"\/it\/wp-json\/wp\/v2\/pages\/4354#wpcf7-f4399-o1\" method=\"post\" class=\"wpcf7-form init\" aria-label=\"Modulo di contatto\" novalidate=\"novalidate\" data-status=\"init\">\n<fieldset class=\"hidden-fields-container\"><input type=\"hidden\" name=\"_wpcf7\" value=\"4399\" \/><input type=\"hidden\" name=\"_wpcf7_version\" value=\"6.1.5\" \/><input type=\"hidden\" name=\"_wpcf7_locale\" value=\"it_IT\" \/><input type=\"hidden\" name=\"_wpcf7_unit_tag\" value=\"wpcf7-f4399-o1\" \/><input type=\"hidden\" name=\"_wpcf7_container_post\" value=\"0\" \/><input type=\"hidden\" name=\"_wpcf7_posted_data_hash\" value=\"\" \/>\n<\/fieldset>\n<p style=\"width:100%\"><em>(*) Campi obbligatori<\/em>\n<\/p>\n<p><label>Nome e Cognome (*)<br \/>\n<span class=\"wpcf7-form-control-wrap\" data-name=\"your-name\"><input size=\"40\" maxlength=\"400\" class=\"wpcf7-form-control wpcf7-text wpcf7-validates-as-required\" aria-required=\"true\" aria-invalid=\"false\" value=\"\" type=\"text\" name=\"your-name\" \/><\/span> <\/label>\n<\/p>\n<p><label>Societ\u00e0 (*)<br \/>\n<span class=\"wpcf7-form-control-wrap\" data-name=\"text-771\"><input size=\"40\" maxlength=\"400\" class=\"wpcf7-form-control wpcf7-text wpcf7-validates-as-required\" aria-required=\"true\" aria-invalid=\"false\" value=\"\" type=\"text\" name=\"text-771\" \/><\/span><\/label>\n<\/p>\n<p><label>E-mail (*)<br \/>\n<span class=\"wpcf7-form-control-wrap\" data-name=\"your-email\"><input size=\"40\" maxlength=\"400\" class=\"wpcf7-form-control wpcf7-email wpcf7-validates-as-required wpcf7-text wpcf7-validates-as-email\" aria-required=\"true\" aria-invalid=\"false\" value=\"\" type=\"email\" name=\"your-email\" \/><\/span> <\/label>\n<\/p>\n<p><label>Telefono (*)<br \/>\n<span class=\"wpcf7-form-control-wrap\" data-name=\"tel-659\"><input size=\"40\" maxlength=\"400\" class=\"wpcf7-form-control wpcf7-tel wpcf7-validates-as-required wpcf7-text wpcf7-validates-as-tel\" aria-required=\"true\" aria-invalid=\"false\" value=\"\" type=\"tel\" name=\"tel-659\" \/><\/span><\/label>\n<\/p>\n<p style=\"width:100%\"><label style=\"width:100%\">Messaggio<br \/>\n<span class=\"wpcf7-form-control-wrap\" data-name=\"your-message\"><textarea cols=\"40\" rows=\"10\" maxlength=\"2000\" class=\"wpcf7-form-control wpcf7-textarea\" aria-invalid=\"false\" name=\"your-message\"><\/textarea><\/span> <\/label>\n<\/p>\n<p style=\"width:100%;\"><em><span class=\"wpcf7-form-control-wrap\" data-name=\"checkbox-280\"><span class=\"wpcf7-form-control wpcf7-checkbox wpcf7-validates-as-required\"><span class=\"wpcf7-list-item first last\"><input type=\"checkbox\" name=\"checkbox-280[]\" value=\"Acconsento all&#039;utilizzo dei miei dati per rispondere alle richieste di informazioni, di preventivo, o di qualunque altra natura indicata dall\u2019intestazione del modulo.\" \/><span class=\"wpcf7-list-item-label\">Acconsento all&#039;utilizzo dei miei dati per rispondere alle richieste di informazioni, di preventivo, o di qualunque altra natura indicata dall\u2019intestazione del modulo.<\/span><\/span><\/span><\/span> <a href=\"https:\/\/srt-rail.com\/privacy-policy\/\" target=\"_blank\">Privacy & Cookie Policy<\/a> <\/em>\n<\/p>\n<p><input class=\"wpcf7-form-control wpcf7-submit has-spinner\" type=\"submit\" value=\"Invia messaggio\" \/>\n<\/p><div class=\"fusion-alert alert custom alert-custom fusion-alert-center wpcf7-response-output fusion-alert-capitalize awb-alert-native-link-color alert-dismissable awb-alert-close-boxed\" style=\"--awb-border-top-left-radius:0px;--awb-border-top-right-radius:0px;--awb-border-bottom-left-radius:0px;--awb-border-bottom-right-radius:0px;\" role=\"alert\"><div class=\"fusion-alert-content-wrapper\"><span class=\"fusion-alert-content\"><\/span><\/div><button type=\"button\" class=\"close toggle-alert\" data-dismiss=\"alert\" aria-label=\"Chiudi\">&times;<\/button><\/div>\n<\/form>\n<\/div>\n\n<\/div><div class=\"modal-footer\"><button class=\"fusion-button button-default button-medium button default medium\" type=\"button\" data-dismiss=\"modal\">Chiudi<\/button><\/div><\/div><\/div><\/div><\/div><\/div><\/div><\/div><\/p>\n","protected":false},"excerpt":{"rendered":"","protected":false},"author":3,"featured_media":0,"parent":4145,"menu_order":0,"comment_status":"closed","ping_status":"closed","template":"100-width.php","meta":{"footnotes":""},"class_list":["post-4354","page","type-page","status-publish","hentry"],"yoast_head":"<!-- This site is optimized with the Yoast SEO plugin v27.4 - https:\/\/yoast.com\/product\/yoast-seo-wordpress\/ -->\n<title>Noleggio mezzi ferroviari | SRT<\/title>\n<meta name=\"description\" content=\"SRT offre soluzioni di noleggio a lungo termine per mezzi ferroviari, massimizzando flessibilit\u00e0 e riducendo i costi.\" \/>\n<meta name=\"robots\" content=\"index, follow, max-snippet:-1, max-image-preview:large, max-video-preview:-1\" \/>\n<link rel=\"canonical\" href=\"https:\/\/srt-rail.com\/it\/servizi\/noleggio-a-lungo-termine\/\" \/>\n<meta property=\"og:locale\" content=\"it_IT\" \/>\n<meta property=\"og:type\" content=\"article\" \/>\n<meta property=\"og:title\" content=\"Noleggio mezzi ferroviari | SRT\" \/>\n<meta property=\"og:description\" content=\"SRT offre soluzioni di noleggio a lungo termine per mezzi ferroviari, massimizzando flessibilit\u00e0 e riducendo i costi.\" \/>\n<meta property=\"og:url\" content=\"https:\/\/srt-rail.com\/it\/servizi\/noleggio-a-lungo-termine\/\" \/>\n<meta property=\"og:site_name\" content=\"SRT\" \/>\n<meta property=\"article:modified_time\" content=\"2024-06-26T13:17:22+00:00\" \/>\n<meta name=\"twitter:card\" content=\"summary_large_image\" \/>\n<meta name=\"twitter:label1\" content=\"Tempo di lettura stimato\" \/>\n\t<meta name=\"twitter:data1\" content=\"2 minuti\" \/>\n<script type=\"application\/ld+json\" class=\"yoast-schema-graph\">{\"@context\":\"https:\\\/\\\/schema.org\",\"@graph\":[{\"@type\":\"WebPage\",\"@id\":\"https:\\\/\\\/srt-rail.com\\\/it\\\/servizi\\\/noleggio-a-lungo-termine\\\/\",\"url\":\"https:\\\/\\\/srt-rail.com\\\/it\\\/servizi\\\/noleggio-a-lungo-termine\\\/\",\"name\":\"Noleggio mezzi ferroviari | SRT\",\"isPartOf\":{\"@id\":\"https:\\\/\\\/srt-rail.com\\\/#website\"},\"datePublished\":\"2024-04-18T11:29:03+00:00\",\"dateModified\":\"2024-06-26T13:17:22+00:00\",\"description\":\"SRT offre soluzioni di noleggio a lungo termine per mezzi ferroviari, massimizzando flessibilit\u00e0 e riducendo i costi.\",\"breadcrumb\":{\"@id\":\"https:\\\/\\\/srt-rail.com\\\/it\\\/servizi\\\/noleggio-a-lungo-termine\\\/#breadcrumb\"},\"inLanguage\":\"it-IT\",\"potentialAction\":[{\"@type\":\"ReadAction\",\"target\":[\"https:\\\/\\\/srt-rail.com\\\/it\\\/servizi\\\/noleggio-a-lungo-termine\\\/\"]}]},{\"@type\":\"BreadcrumbList\",\"@id\":\"https:\\\/\\\/srt-rail.com\\\/it\\\/servizi\\\/noleggio-a-lungo-termine\\\/#breadcrumb\",\"itemListElement\":[{\"@type\":\"ListItem\",\"position\":1,\"name\":\"Home\",\"item\":\"https:\\\/\\\/srt-rail.com\\\/it\\\/\"},{\"@type\":\"ListItem\",\"position\":2,\"name\":\"Servizi\",\"item\":\"https:\\\/\\\/srt-rail.com\\\/it\\\/servizi\\\/\"},{\"@type\":\"ListItem\",\"position\":3,\"name\":\"Noleggio a lungo termine\"}]},{\"@type\":\"WebSite\",\"@id\":\"https:\\\/\\\/srt-rail.com\\\/#website\",\"url\":\"https:\\\/\\\/srt-rail.com\\\/\",\"name\":\"SRT\",\"description\":\"\",\"publisher\":{\"@id\":\"https:\\\/\\\/srt-rail.com\\\/#organization\"},\"potentialAction\":[{\"@type\":\"SearchAction\",\"target\":{\"@type\":\"EntryPoint\",\"urlTemplate\":\"https:\\\/\\\/srt-rail.com\\\/?s={search_term_string}\"},\"query-input\":{\"@type\":\"PropertyValueSpecification\",\"valueRequired\":true,\"valueName\":\"search_term_string\"}}],\"inLanguage\":\"it-IT\"},{\"@type\":\"Organization\",\"@id\":\"https:\\\/\\\/srt-rail.com\\\/#organization\",\"name\":\"SRT S.r.l.\",\"url\":\"https:\\\/\\\/srt-rail.com\\\/\",\"logo\":{\"@type\":\"ImageObject\",\"inLanguage\":\"it-IT\",\"@id\":\"https:\\\/\\\/srt-rail.com\\\/#\\\/schema\\\/logo\\\/image\\\/\",\"url\":\"https:\\\/\\\/srt-rail.com\\\/wp-content\\\/uploads\\\/2017\\\/04\\\/SRT-pay-off-black.png\",\"contentUrl\":\"https:\\\/\\\/srt-rail.com\\\/wp-content\\\/uploads\\\/2017\\\/04\\\/SRT-pay-off-black.png\",\"width\":251,\"height\":25,\"caption\":\"SRT S.r.l.\"},\"image\":{\"@id\":\"https:\\\/\\\/srt-rail.com\\\/#\\\/schema\\\/logo\\\/image\\\/\"}}]}<\/script>\n<!-- \/ Yoast SEO plugin. -->","yoast_head_json":{"title":"Noleggio mezzi ferroviari | SRT","description":"SRT offre soluzioni di noleggio a lungo termine per mezzi ferroviari, massimizzando flessibilit\u00e0 e riducendo i costi.","robots":{"index":"index","follow":"follow","max-snippet":"max-snippet:-1","max-image-preview":"max-image-preview:large","max-video-preview":"max-video-preview:-1"},"canonical":"https:\/\/srt-rail.com\/it\/servizi\/noleggio-a-lungo-termine\/","og_locale":"it_IT","og_type":"article","og_title":"Noleggio mezzi ferroviari | SRT","og_description":"SRT offre soluzioni di noleggio a lungo termine per mezzi ferroviari, massimizzando flessibilit\u00e0 e riducendo i costi.","og_url":"https:\/\/srt-rail.com\/it\/servizi\/noleggio-a-lungo-termine\/","og_site_name":"SRT","article_modified_time":"2024-06-26T13:17:22+00:00","twitter_card":"summary_large_image","twitter_misc":{"Tempo di lettura stimato":"2 minuti"},"schema":{"@context":"https:\/\/schema.org","@graph":[{"@type":"WebPage","@id":"https:\/\/srt-rail.com\/it\/servizi\/noleggio-a-lungo-termine\/","url":"https:\/\/srt-rail.com\/it\/servizi\/noleggio-a-lungo-termine\/","name":"Noleggio mezzi ferroviari | SRT","isPartOf":{"@id":"https:\/\/srt-rail.com\/#website"},"datePublished":"2024-04-18T11:29:03+00:00","dateModified":"2024-06-26T13:17:22+00:00","description":"SRT offre soluzioni di noleggio a lungo termine per mezzi ferroviari, massimizzando flessibilit\u00e0 e riducendo i costi.","breadcrumb":{"@id":"https:\/\/srt-rail.com\/it\/servizi\/noleggio-a-lungo-termine\/#breadcrumb"},"inLanguage":"it-IT","potentialAction":[{"@type":"ReadAction","target":["https:\/\/srt-rail.com\/it\/servizi\/noleggio-a-lungo-termine\/"]}]},{"@type":"BreadcrumbList","@id":"https:\/\/srt-rail.com\/it\/servizi\/noleggio-a-lungo-termine\/#breadcrumb","itemListElement":[{"@type":"ListItem","position":1,"name":"Home","item":"https:\/\/srt-rail.com\/it\/"},{"@type":"ListItem","position":2,"name":"Servizi","item":"https:\/\/srt-rail.com\/it\/servizi\/"},{"@type":"ListItem","position":3,"name":"Noleggio a lungo termine"}]},{"@type":"WebSite","@id":"https:\/\/srt-rail.com\/#website","url":"https:\/\/srt-rail.com\/","name":"SRT","description":"","publisher":{"@id":"https:\/\/srt-rail.com\/#organization"},"potentialAction":[{"@type":"SearchAction","target":{"@type":"EntryPoint","urlTemplate":"https:\/\/srt-rail.com\/?s={search_term_string}"},"query-input":{"@type":"PropertyValueSpecification","valueRequired":true,"valueName":"search_term_string"}}],"inLanguage":"it-IT"},{"@type":"Organization","@id":"https:\/\/srt-rail.com\/#organization","name":"SRT S.r.l.","url":"https:\/\/srt-rail.com\/","logo":{"@type":"ImageObject","inLanguage":"it-IT","@id":"https:\/\/srt-rail.com\/#\/schema\/logo\/image\/","url":"https:\/\/srt-rail.com\/wp-content\/uploads\/2017\/04\/SRT-pay-off-black.png","contentUrl":"https:\/\/srt-rail.com\/wp-content\/uploads\/2017\/04\/SRT-pay-off-black.png","width":251,"height":25,"caption":"SRT S.r.l."},"image":{"@id":"https:\/\/srt-rail.com\/#\/schema\/logo\/image\/"}}]}},"_links":{"self":[{"href":"https:\/\/srt-rail.com\/it\/wp-json\/wp\/v2\/pages\/4354","targetHints":{"allow":["GET"]}}],"collection":[{"href":"https:\/\/srt-rail.com\/it\/wp-json\/wp\/v2\/pages"}],"about":[{"href":"https:\/\/srt-rail.com\/it\/wp-json\/wp\/v2\/types\/page"}],"author":[{"embeddable":true,"href":"https:\/\/srt-rail.com\/it\/wp-json\/wp\/v2\/users\/3"}],"replies":[{"embeddable":true,"href":"https:\/\/srt-rail.com\/it\/wp-json\/wp\/v2\/comments?post=4354"}],"version-history":[{"count":9,"href":"https:\/\/srt-rail.com\/it\/wp-json\/wp\/v2\/pages\/4354\/revisions"}],"predecessor-version":[{"id":5451,"href":"https:\/\/srt-rail.com\/it\/wp-json\/wp\/v2\/pages\/4354\/revisions\/5451"}],"up":[{"embeddable":true,"href":"https:\/\/srt-rail.com\/it\/wp-json\/wp\/v2\/pages\/4145"}],"wp:attachment":[{"href":"https:\/\/srt-rail.com\/it\/wp-json\/wp\/v2\/media?parent=4354"}],"curies":[{"name":"wp","href":"https:\/\/api.w.org\/{rel}","templated":true}]}}